{"id":3,"date":"2019-03-22T11:19:44","date_gmt":"2019-03-22T10:19:44","guid":{"rendered":"https:\/\/adue-nord.de\/?page_id=3"},"modified":"2022-04-07T11:33:54","modified_gmt":"2022-04-07T09:33:54","slug":"privacy-statement","status":"publish","type":"page","link":"https:\/\/adue-nord.de\/en\/privacy-statement\/","title":{"rendered":"Privacy statement"},"content":{"rendered":"\n<h2 class=\"wp-block-heading\"><strong>Privacy Statement of AD\u00dc Nord e. V. in accordance with Art. 13 and 14 General Data Protection Regulation (GDPR)<\/strong><\/h2>\n\n\n\n<ol class=\"wp-block-list\"><li><strong>Name and contact data of the controller; Data Protection Officer lawfully not appointed<\/strong><\/li><\/ol>\n\n\n\n<p>This data privacy notice applies to data processing performed \nthrough: The Controller: AD\u00dc Nord e.&nbsp;V. (hereinafter: \u2018AD\u00dc Nord\u2019), \nK\u00f6nigstra\u00dfe 26, 22767 Hamburg, Germany, e-mail: info@adue-nord.de, \nTelephone: +49 (0)40\/ 2 19 10 01, Fax: +49 (0)40\/ 2 19 10 03. Because at\n AD\u00dc Nord there are less than ten (10) engaged in data processing, AD\u00dc \nNord has lawfully opted not to appoint a Data Protection Officer.<\/p>\n\n\n\n<p>2.<strong> Collection and storage of personal data, and the nature and purpose of its use<\/strong><\/p>\n\n\n\n<p><strong>a) When visiting our website<\/strong><\/p>\n\n\n\n<p>When you visit our website <strong>www.adue-nord.de<\/strong>, the \nbrowser of your terminal device will automatically send information to \nour website server. This information will be temporarily stored in a log\n file. The following information will be recorded without any \nintervention by you, and stored until it is automatically deleted:<\/p>\n\n\n\n<ul class=\"wp-block-list\"><li>IP address of the requesting computer,<\/li><li>Date and time of access,<\/li><li>Name and URL of the file retrieved,<\/li><li>Website from where the access originates (referrer URL),<\/li><li>Browser used, and, possibly your computer\u2019s operating system and the name of your access provider.<\/li><\/ul>\n\n\n\n<p>We will process the specified data for the following purposes:<\/p>\n\n\n\n<ul class=\"wp-block-list\"><li>to ensure visitors can easily access our website,<\/li><li>to ensure our website is user-friendly<\/li><li>for the analysis of the security and stability of our system, and<\/li><li>for other administrative purposes.<\/li><\/ul>\n\n\n\n<p>The legal basis for the data processing is Art. 6 (1) 1st sentence \nlit. f) GDPR. Our legitimate interest is based on the collection of data\n as described above. Under no circumstances do we use the collected data\n to draw conclusions about you personally.<\/p>\n\n\n\n<p><strong>b) When subscribing to our e-information service (electronic circular delivered to our members) <\/strong><\/p>\n\n\n\n<p>If you have issued your explicit consent in accordance with Art. 6 \n(1) 1st sentence lit. a) GDPR, we will use your email address to send \nyou our e-information notices on a regular basis. You are only required \nto provide your email address to receive this e-information. You can \nunsubscribe at any time, for example by sending such a request by e-mail\n to our administrative office (<strong>gs@adue-nord.de)<\/strong>.<\/p>\n\n\n\n<p><strong>c) When using our contact, registration or order forms<\/strong><\/p>\n\n\n\n<p>If asking questions of any kind, when registering online for our \nevents, such as workshops or webinars, and when placing orders online \nfor publications or other articles that we offer for sale on our website\n or otherwise make available at a given point in time, you have the \npossibility to use an online form to contact us, complete personal \nregistrations, or place orders. At this point you will be required to \nenter a valid e-mail address, possibly along with other personal data \nsuch as your name, in order that we know who is asking the question and \nso that we can respond to and duly process it. Further information can \nbe provided voluntarily. The processing of data for the purpose of \nmaking contact with us, is performed in accordance with Art. 6 (1) 1st \nsentence lit. a) GDPR, on the basis of the consent voluntarily provided \nby you. The personal data collected when using the contact, registration\n or order form will be automatically erased after we have attended to \nyour inquiry, or once the entire process has been completed, e.g. \nthrough handling, attendance, cancellation, unsubscribing and the like.<\/p>\n\n\n\n<p><strong>d) When applying for membership of AD\u00dc Nord, and when you are accepted as a member<\/strong><\/p>\n\n\n\n<p>If you have issued your explicit consent in accordance with Art. 6 \n(1) 1st sentence lit. a) GDPR, we will use your personal data and other \nsuch information<\/p>\n\n\n\n<ul class=\"wp-block-list\"><li>for receiving and processing membership applications,<\/li><li>to register you as a member in our electronic database of members,<\/li><li>to maintain our database of members, incl. updating your profile.<\/li><\/ul>\n\n\n\n<p><strong> 3. Transfer of data <\/strong><\/p>\n\n\n\n<p>Your personal data will not be communicated to any third parties for \nany purposes other than those described here. We will pass your personal\n data onto third parties only if:<\/p>\n\n\n\n<ul class=\"wp-block-list\"><li>you have given your explicit consent in accordance with Art. 6 (1) 1st sentence lit. a) GDPR,<\/li><li>the transfer is necessary in accordance with Art. 6 (1) 1st sentence\n lit. f) GDPR, for the establishment, exercise or defence of legal \nclaims, and there is nothing to indicate that you have an overriding, \nlegitimate interest in your data being withheld,<\/li><li>the transfer is necessary in accordance with Art. 6 (1) 1st sentence lit. c) GDPR, for compliance with a legal obligation, and<\/li><li>this is lawful and, in accordance with Art. 6 (1) 1st sentence lit. \nb) GDPR, is necessary for the performance of a contract with you.<\/li><\/ul>\n\n\n\n<p><strong> 4. Cookies <\/strong><\/p>\n\n\n\n<p>We do not use cookies on our website specifically for the purpose of \nanalysis and optimisation, but rather only to a limited extent, insofar \nas cookies are automatically generated through using the browser. \nCookies are small files, which are automatically created by your browser\n and stored on your terminal device (laptop, tablet, smartphone etc.) \nwhen you visit our website. Cookies do not damage your terminal device, \nand they do not contain any viruses, Trojan horses or other such \nmalware. Information is stored in the cookie, and is generated in \nconnection with the specific terminal device used. However, this does \nnot mean that we then gain direct knowledge of your identity. When you \nnext visit our website, these cookies enable us to recognise that you \nhave previously visited us online. These cookies are deleted \nautomatically after a certain defined period of time. The data processed\n by cookies is necessary for the purposes specified above, in order to \nprotect our legitimate interests and those of third parties in \naccordance with Art. 6 (1) 1st sentence lit. f) GDPR. The majority of \nbrowsers automatically accept cookies. However, you can configure your \nbrowser so that no cookies are saved to your computer, or so that a \nmessage will always appear before a new cookie is installed. However, if\n you completely disable cookies, it may mean that you are unable to use \nall the features of our website.<\/p>\n\n\n\n<p><strong> 5. Rights of the data subject: <\/strong><\/p>\n\n\n\n<p>You have the right:<\/p>\n\n\n\n<ul class=\"wp-block-list\"><li>in accordance with Art. 15 GDPR, to obtain confirmation from us on \nwhether we are processing your personal data. In particular, you may \nrequest information about the purposes of the processing, the category \nof the personal data, the categories of recipients to whom your data is \nor has been disclosed, the planned storage period, the existence of a \nright of rectification, erasure, to object to or limit the processing of\n your data, the existence of a right to lodge a complaint, the origin of\n your data insofar as it was not collected by us, about the existence of\n an automated decision-making process (including profiling) and any \nsignificant information regarding the details of this;<\/li><li>in accordance with Art. 16 GDPR, to request that any incorrect or \nincomplete personal data belonging to you and which is stored by us, be \nrectified without delay;<\/li><li>in accordance with Art. 17 GDPR, to request that personal data \nbelonging to you, and which is stored by us be erased insofar as the \nprocessing of said data is not required for exercising the right to free\n expression of opinion and information, for fulfilling a legal \nrequirement, and is not needed on the grounds of public interest or for \nthe purposes of asserting, exercising or defending legal claims;<\/li><li>in accordance with Art. 18 GDPR, to request that the processing of \nyour personal data be limited insofar as you dispute the accuracy of the\n data or contend that the processing of said data is unlawful, but you \ndo not wish for the data to be erased, and we no longer require it, but \nit is needed by you for the purposes of establishing, exercising or \ndefending legal claims or you have objected to the processing of said \ndata in accordance with Art. 21 GDPR;<\/li><li>in accordance with Art. 20 GDPR, to request that your personal data \nprovided to us be made available to you in a structured, standard and \nmachine-readable format, or that it be sent to a different data \ncontroller;<\/li><li>in accordance with Art. 7 (3) GDPR, to revoke, at any time, the \nconsent that you previously provided to us. This means that in future we\n will not be permitted to continue processing the data based on this \nconsent, and<\/li><li>in accordance with Art. 77 GDPR, to lodge a complaint with a \nsupervisory authority. Generally, you can contact the supervisory \nauthority of your usual place of residence or place of work, or of the \nplace of our company\u2019s registered office.<\/li><\/ul>\n\n\n\n<p><strong> 6. Right of objection <\/strong><\/p>\n\n\n\n<p>Insofar as your personal data is processed based on legitimate \ninterests as defined under Article 6 (1) 1st sentence lit. f) GDPR, you \nhave the right \u2013 in accordance with Art. 21 of the GDPR \u2013 to object to \nthe processing of your personal data, provided that there are grounds \npertaining to your particular circumstances, or if your objection is \ndirected towards processing for direct advertising purposes. In the \nlatter case, you have a general right of objection, which we will fulfil\n without the need for you to state any special circumstances. If you \nwish to exercise your right to revoke consent or your right to object, \nsimply send an e-mail to: <strong>info@adue-nord.de<\/strong><\/p>\n\n\n\n<p><strong> 7. Data security<\/strong><\/p>\n\n\n\n<p>During visits to our website, we employ the widely used SSL method \n(Secure Socket Layer), in conjunction with the highest encryption level \nsupported in each case by your browser. This will generally be 256-bit \nencryption. If your browser does not support 256-bit encryption, we will\n employ 128-bit v3 technology instead. You can recognise if a particular\n page of our website is transmitted in encrypted form by the closed \npadlock icon in the lower status bar of your browser. We also employ \nsuitable technical and organisational security measures to protect your \ndata against accidental or deliberate manipulation, partial or complete \nloss, destruction and against third parties accessing it without \nauthorisation. We continuously upgrade these security measures in line \nwith advancements in technology.<\/p>\n\n\n\n<p><strong> 8. Updates and changes to this Privacy Statement <\/strong><\/p>\n\n\n\n<p>This Privacy Statement is currently valid, and was more recently \nupdated in May 2018. It may become necessary to amend this Privacy \nStatement due to the continuous development of our website and related \nservices, or due to the amendment of statutory or public regulations. \nThe current, up-to-date Privacy Statement can be viewed and printed at \nany time by visiting our website at <strong>https:\/\/www.adue-nord.de\/datenschutz<\/strong>.<\/p>\n","protected":false},"excerpt":{"rendered":"<p>Privacy Statement of AD\u00dc Nord e. V. in accordance with Art. 13 and 14 General Data Protection Regulation (GDPR) Name and contact data of the controller; Data Protection Officer lawfully [&hellip;]<\/p>\n","protected":false},"author":1,"featured_media":0,"parent":0,"menu_order":0,"comment_status":"closed","ping_status":"open","template":"","meta":{"_acf_changed":false,"_price":"","_stock":"","_tribe_ticket_header":"","_tribe_default_ticket_provider":"","_tribe_ticket_capacity":"0","_ticket_start_date":"","_ticket_end_date":"","_tribe_ticket_show_description":"","_tribe_ticket_show_not_going":false,"_tribe_ticket_use_global_stock":"","_tribe_ticket_global_stock_level":"","_global_stock_mode":"","_global_stock_cap":"","_tribe_rsvp_for_event":"","_tribe_ticket_going_count":"","_tribe_ticket_not_going_count":"","_tribe_tickets_list":"[]","_tribe_ticket_has_attendee_info_fields":false,"footnotes":""},"class_list":["post-3","page","type-page","status-publish","hentry"],"acf":[],"yoast_head":"<!-- This site is optimized with the Yoast SEO plugin v27.4 - https:\/\/yoast.com\/product\/yoast-seo-wordpress\/ -->\n<title>Privacy statement<\/title>\n<meta name=\"robots\" content=\"index, follow, max-snippet:-1, max-image-preview:large, max-video-preview:-1\" \/>\n<link rel=\"canonical\" href=\"https:\/\/adue-nord.de\/en\/privacy-statement\/\" \/>\n<meta property=\"og:locale\" content=\"en_US\" \/>\n<meta property=\"og:locale:alternate\" content=\"de_DE\" \/>\n<meta property=\"og:locale:alternate\" content=\"fr_Fr\" \/>\n<meta property=\"og:type\" content=\"article\" \/>\n<meta property=\"og:title\" content=\"Privacy statement\" \/>\n<meta property=\"og:description\" content=\"Privacy Statement of AD\u00dc Nord e. V. in accordance with Art. 13 and 14 General Data Protection Regulation (GDPR) Name and contact data of the controller; Data Protection Officer lawfully [&hellip;]\" \/>\n<meta property=\"og:url\" content=\"https:\/\/adue-nord.de\/en\/privacy-statement\/\" \/>\n<meta property=\"og:site_name\" content=\"AD\u00dc Nord e. V.\" \/>\n<meta property=\"article:publisher\" content=\"https:\/\/www.facebook.com\/ADUE.NORD\" \/>\n<meta property=\"article:modified_time\" content=\"2022-04-07T09:33:54+00:00\" \/>\n<meta name=\"twitter:card\" content=\"summary_large_image\" \/>\n<meta name=\"twitter:site\" content=\"@ADUeNORD\" \/>\n<meta name=\"twitter:label1\" content=\"Est. reading time\" \/>\n\t<meta name=\"twitter:data1\" content=\"9 minutes\" \/>\n<script type=\"application\/ld+json\" class=\"yoast-schema-graph\">{\"@context\":\"https:\\\/\\\/schema.org\",\"@graph\":[{\"@type\":\"WebPage\",\"@id\":\"https:\\\/\\\/adue-nord.de\\\/privacy-statement\\\/\",\"url\":\"https:\\\/\\\/adue-nord.de\\\/privacy-statement\\\/\",\"name\":\"Privacy statement\",\"isPartOf\":{\"@id\":\"https:\\\/\\\/adue-nord.de\\\/fr\\\/#website\"},\"datePublished\":\"2019-03-22T10:19:44+00:00\",\"dateModified\":\"2022-04-07T09:33:54+00:00\",\"breadcrumb\":{\"@id\":\"https:\\\/\\\/adue-nord.de\\\/privacy-statement\\\/#breadcrumb\"},\"inLanguage\":\"en-US\",\"potentialAction\":[{\"@type\":\"ReadAction\",\"target\":[\"https:\\\/\\\/adue-nord.de\\\/privacy-statement\\\/\"]}]},{\"@type\":\"BreadcrumbList\",\"@id\":\"https:\\\/\\\/adue-nord.de\\\/privacy-statement\\\/#breadcrumb\",\"itemListElement\":[{\"@type\":\"ListItem\",\"position\":1,\"name\":\"Startseite\",\"item\":\"https:\\\/\\\/adue-nord.de\\\/\"},{\"@type\":\"ListItem\",\"position\":2,\"name\":\"Datenschutzerkl\u00e4rung\"}]},{\"@type\":\"WebSite\",\"@id\":\"https:\\\/\\\/adue-nord.de\\\/fr\\\/#website\",\"url\":\"https:\\\/\\\/adue-nord.de\\\/fr\\\/\",\"name\":\"AD\u00dc Nord e. V.\",\"description\":\"Verein Assoziierter Dolmetscher und \u00dcbersetzer in Norddeutschland\",\"publisher\":{\"@id\":\"https:\\\/\\\/adue-nord.de\\\/fr\\\/#organization\"},\"potentialAction\":[{\"@type\":\"SearchAction\",\"target\":{\"@type\":\"EntryPoint\",\"urlTemplate\":\"https:\\\/\\\/adue-nord.de\\\/fr\\\/?s={search_term_string}\"},\"query-input\":{\"@type\":\"PropertyValueSpecification\",\"valueRequired\":true,\"valueName\":\"search_term_string\"}}],\"inLanguage\":\"en-US\"},{\"@type\":\"Organization\",\"@id\":\"https:\\\/\\\/adue-nord.de\\\/fr\\\/#organization\",\"name\":\"AD\u00dc Nord e.V.\",\"url\":\"https:\\\/\\\/adue-nord.de\\\/fr\\\/\",\"logo\":{\"@type\":\"ImageObject\",\"inLanguage\":\"en-US\",\"@id\":\"https:\\\/\\\/adue-nord.de\\\/fr\\\/#\\\/schema\\\/logo\\\/image\\\/\",\"url\":\"https:\\\/\\\/adue-nord.de\\\/wp-content\\\/uploads\\\/logo-e1604331524791.png\",\"contentUrl\":\"https:\\\/\\\/adue-nord.de\\\/wp-content\\\/uploads\\\/logo-e1604331524791.png\",\"width\":720,\"height\":186,\"caption\":\"AD\u00dc Nord e.V.\"},\"image\":{\"@id\":\"https:\\\/\\\/adue-nord.de\\\/fr\\\/#\\\/schema\\\/logo\\\/image\\\/\"},\"sameAs\":[\"https:\\\/\\\/www.facebook.com\\\/ADUE.NORD\",\"https:\\\/\\\/x.com\\\/ADUeNORD\"]}]}<\/script>\n<!-- \/ Yoast SEO plugin. -->","yoast_head_json":{"title":"Privacy statement","robots":{"index":"index","follow":"follow","max-snippet":"max-snippet:-1","max-image-preview":"max-image-preview:large","max-video-preview":"max-video-preview:-1"},"canonical":"https:\/\/adue-nord.de\/en\/privacy-statement\/","og_locale":"en_US","og_type":"article","og_title":"[:de]Datenschutzerkl\u00e4rung[:en]Privacy statement[:] - AD\u00dc Nord e. V.","og_description":"Privacy Statement of AD\u00dc Nord e. V. in accordance with Art. 13 and 14 General Data Protection Regulation (GDPR) Name and contact data of the controller; Data Protection Officer lawfully [&hellip;]","og_url":"https:\/\/adue-nord.de\/en\/privacy-statement\/","og_site_name":"AD\u00dc Nord e. V.","article_publisher":"https:\/\/www.facebook.com\/ADUE.NORD","article_modified_time":"2022-04-07T09:33:54+00:00","twitter_card":"summary_large_image","twitter_site":"@ADUeNORD","twitter_misc":{"Est. reading time":"9 minutes"},"schema":{"@context":"https:\/\/schema.org","@graph":[{"@type":"WebPage","@id":"https:\/\/adue-nord.de\/privacy-statement\/","url":"https:\/\/adue-nord.de\/privacy-statement\/","name":"Privacy statement","isPartOf":{"@id":"https:\/\/adue-nord.de\/fr\/#website"},"datePublished":"2019-03-22T10:19:44+00:00","dateModified":"2022-04-07T09:33:54+00:00","breadcrumb":{"@id":"https:\/\/adue-nord.de\/privacy-statement\/#breadcrumb"},"inLanguage":"en-US","potentialAction":[{"@type":"ReadAction","target":["https:\/\/adue-nord.de\/privacy-statement\/"]}]},{"@type":"BreadcrumbList","@id":"https:\/\/adue-nord.de\/privacy-statement\/#breadcrumb","itemListElement":[{"@type":"ListItem","position":1,"name":"Startseite","item":"https:\/\/adue-nord.de\/"},{"@type":"ListItem","position":2,"name":"Datenschutzerkl\u00e4rung"}]},{"@type":"WebSite","@id":"https:\/\/adue-nord.de\/fr\/#website","url":"https:\/\/adue-nord.de\/fr\/","name":"AD\u00dc Nord e. V.","description":"Verein Assoziierter Dolmetscher und \u00dcbersetzer in Norddeutschland","publisher":{"@id":"https:\/\/adue-nord.de\/fr\/#organization"},"potentialAction":[{"@type":"SearchAction","target":{"@type":"EntryPoint","urlTemplate":"https:\/\/adue-nord.de\/fr\/?s={search_term_string}"},"query-input":{"@type":"PropertyValueSpecification","valueRequired":true,"valueName":"search_term_string"}}],"inLanguage":"en-US"},{"@type":"Organization","@id":"https:\/\/adue-nord.de\/fr\/#organization","name":"AD\u00dc Nord e.V.","url":"https:\/\/adue-nord.de\/fr\/","logo":{"@type":"ImageObject","inLanguage":"en-US","@id":"https:\/\/adue-nord.de\/fr\/#\/schema\/logo\/image\/","url":"https:\/\/adue-nord.de\/wp-content\/uploads\/logo-e1604331524791.png","contentUrl":"https:\/\/adue-nord.de\/wp-content\/uploads\/logo-e1604331524791.png","width":720,"height":186,"caption":"AD\u00dc Nord e.V."},"image":{"@id":"https:\/\/adue-nord.de\/fr\/#\/schema\/logo\/image\/"},"sameAs":["https:\/\/www.facebook.com\/ADUE.NORD","https:\/\/x.com\/ADUeNORD"]}]}},"_links":{"self":[{"href":"https:\/\/adue-nord.de\/en\/wp-json\/wp\/v2\/pages\/3","targetHints":{"allow":["GET"]}}],"collection":[{"href":"https:\/\/adue-nord.de\/en\/wp-json\/wp\/v2\/pages"}],"about":[{"href":"https:\/\/adue-nord.de\/en\/wp-json\/wp\/v2\/types\/page"}],"author":[{"embeddable":true,"href":"https:\/\/adue-nord.de\/en\/wp-json\/wp\/v2\/users\/1"}],"replies":[{"embeddable":true,"href":"https:\/\/adue-nord.de\/en\/wp-json\/wp\/v2\/comments?post=3"}],"version-history":[{"count":0,"href":"https:\/\/adue-nord.de\/en\/wp-json\/wp\/v2\/pages\/3\/revisions"}],"wp:attachment":[{"href":"https:\/\/adue-nord.de\/en\/wp-json\/wp\/v2\/media?parent=3"}],"curies":[{"name":"wp","href":"https:\/\/api.w.org\/{rel}","templated":true}]}}