{"id":133,"date":"2019-03-22T13:07:11","date_gmt":"2019-03-22T12:07:11","guid":{"rendered":"https:\/\/adue-nord.de\/?page_id=133"},"modified":"2021-03-01T18:30:59","modified_gmt":"2021-03-01T17:30:59","slug":"legal-notice","status":"publish","type":"page","link":"https:\/\/adue-nord.de\/fr\/legal-notice\/","title":{"rendered":"Impressum"},"content":{"rendered":"\n<h1 class=\"wp-block-heading\">AD\u00dc Nord e.V.<\/h1>\n\n\n\n<div class=\"wp-block-columns is-layout-flex wp-container-core-columns-is-layout-9d6595d7 wp-block-columns-is-layout-flex\">\n<div class=\"wp-block-column is-vertically-aligned-top is-layout-flow wp-block-column-is-layout-flow\" style=\"flex-basis:100%\">\n<table class=\" alignleft\" style=\"width: 80%; border-collapse: collapse;\" border=\"0\">\n<tbody>\n<tr style=\"height: 23px;\">\n<td style=\"height: 23px; width: 40%;\"><strong>Adresse<\/strong><\/td>\n<td style=\"width: 50%; height: 23px;\">In der Schwimmwestenfabrik,&nbsp; Buttstra\u00dfe 4,&nbsp; 22767 Hamburg<\/td>\n<\/tr>\n<tr style=\"height: 23px;\">\n<td style=\"height: 23px; width: 40%;\"><strong>Telefon<\/strong><\/td>\n<td style=\"width: 50%; height: 23px;\">040 \/ 2191001<\/td>\n<\/tr>\n<tr style=\"height: 23px;\">\n<td style=\"height: 23px; width: 40%;\"><strong>Telefax<\/strong><\/td>\n<td style=\"width: 50%; height: 23px;\">040 \/ 2191003<\/td>\n<\/tr>\n<tr style=\"height: 23px;\">\n<td style=\"height: 23px; width: 40%;\"><strong>E-Mail<\/strong><\/td>\n<td style=\"width: 50%; height: 23px;\">gs@adue-nord.de<\/td>\n<\/tr>\n<tr style=\"height: 23px;\">\n<td style=\"height: 23px; width: 40%;\"><strong>UStIDNr.<\/strong><\/td>\n<td style=\"width: 50%; height: 23px;\">DE228279995<\/td>\n<\/tr>\n<tr style=\"height: 23px;\">\n<td style=\"height: 23px; width: 40%;\"><strong>Vereinsregister<\/strong><\/td>\n<td style=\"width: 50%; height: 23px;\">Amtsgericht Hamburg 69 VR &#8211; 5687<\/td>\n<\/tr>\n<tr style=\"height: 23px;\">\n<td style=\"height: 23px; width: 40%;\"><strong>Inhaltlich verantwortlich gem. \u00a7 5 TMG<\/strong><\/td>\n<td style=\"width: 50%; height: 23px;\">AD\u00dc Nord e.V.<\/td>\n<\/tr>\n<\/tbody>\n<\/table>\n\n\n\n<div class=\"wp-block-columns is-layout-flex wp-container-core-columns-is-layout-9d6595d7 wp-block-columns-is-layout-flex\">\n<div class=\"wp-block-column is-layout-flow wp-block-column-is-layout-flow\" style=\"flex-basis:100%\"><\/div>\n<\/div>\n<\/div>\n<\/div>\n\n\n\n<p><strong>Bildquellen<\/strong><\/p>\n\n\n\n<p>\u00a9 Rawpixel \/ Fotolia.com<\/p>\n\n\n\n<p>\u00a9 undrey&nbsp;\/ Fotolia.com<\/p>\n\n\n\n<p>\u00a9 cmfotoworks&nbsp;\/ Fotolia.com<\/p>\n\n\n\n<p>\u00a9 vege&nbsp;\/ Fotolia.com<\/p>\n\n\n\n<p>\u00a9 goodluz&nbsp;\/ Fotolia.com<\/p>\n\n\n\n<p>\u00a9 goodluz&nbsp;\/ Fotolia.com<\/p>\n\n\n\n<p>\u00a9 goodluz&nbsp;\/ Fotolia.com<\/p>\n\n\n\n<p>\u00a9&nbsp;pressmaster&nbsp;\/ Fotolia.com<\/p>\n\n\n\n<p>\u00a9 goodluz&nbsp;\/ Fotolia.com<\/p>\n\n\n\n<p>\u00a9 goodluz&nbsp;\/ Fotolia.com<\/p>\n\n\n\n<p>\u00a9 pressmaster&nbsp;\/ Fotolia.com<\/p>\n\n\n\n<p>\u00a9 pressmaster&nbsp;\/ Fotolia.com<\/p>\n\n\n\n<p>\u00a9 Minerva Studio&nbsp;\/ Fotolia.com<\/p>\n\n\n\n<p>\u00a9 macgyverhh&nbsp;\/ Fotolia.com<\/p>\n\n\n\n<p>\u00a9 Sebastian Duda \/ Fotolia.com<\/p>\n","protected":false},"excerpt":{"rendered":"<p>AD\u00dc Nord e.V. Adresse In der Schwimmwestenfabrik,&nbsp; Buttstra\u00dfe 4,&nbsp; 22767 Hamburg Telefon 040 \/ 2191001 Telefax 040 \/ 2191003 E-Mail gs@adue-nord.de UStIDNr. DE228279995 Vereinsregister Amtsgericht Hamburg 69 VR &#8211; 5687 [&hellip;]<\/p>\n","protected":false},"author":1,"featured_media":0,"parent":0,"menu_order":0,"comment_status":"closed","ping_status":"closed","template":"","meta":{"_acf_changed":false,"_price":"","_stock":"","_tribe_ticket_header":"","_tribe_default_ticket_provider":"","_tribe_ticket_capacity":"0","_ticket_start_date":"","_ticket_end_date":"","_tribe_ticket_show_description":"","_tribe_ticket_show_not_going":false,"_tribe_ticket_use_global_stock":"","_tribe_ticket_global_stock_level":"","_global_stock_mode":"","_global_stock_cap":"","_tribe_rsvp_for_event":"","_tribe_ticket_going_count":"","_tribe_ticket_not_going_count":"","_tribe_tickets_list":"[]","_tribe_ticket_has_attendee_info_fields":false,"footnotes":""},"class_list":["post-133","page","type-page","status-publish","hentry"],"acf":[],"yoast_head":"<!-- This site is optimized with the Yoast SEO plugin v27.4 - https:\/\/yoast.com\/product\/yoast-seo-wordpress\/ -->\n<title>Impressum<\/title>\n<meta name=\"robots\" content=\"index, follow, max-snippet:-1, max-image-preview:large, max-video-preview:-1\" \/>\n<link rel=\"canonical\" href=\"https:\/\/adue-nord.de\/fr\/legal-notice\/\" \/>\n<meta property=\"og:locale\" content=\"fr_FR\" \/>\n<meta property=\"og:locale:alternate\" content=\"de_DE\" \/>\n<meta property=\"og:locale:alternate\" content=\"en_US\" \/>\n<meta property=\"og:type\" content=\"article\" \/>\n<meta property=\"og:title\" content=\"Impressum\" \/>\n<meta property=\"og:description\" content=\"AD\u00dc Nord e.V. Adresse In der Schwimmwestenfabrik,&nbsp; Buttstra\u00dfe 4,&nbsp; 22767 Hamburg Telefon 040 \/ 2191001 Telefax 040 \/ 2191003 E-Mail gs@adue-nord.de UStIDNr. DE228279995 Vereinsregister Amtsgericht Hamburg 69 VR &#8211; 5687 [&hellip;]\" \/>\n<meta property=\"og:url\" content=\"https:\/\/adue-nord.de\/fr\/legal-notice\/\" \/>\n<meta property=\"og:site_name\" content=\"AD\u00dc Nord e. V.\" \/>\n<meta property=\"article:publisher\" content=\"https:\/\/www.facebook.com\/ADUE.NORD\" \/>\n<meta property=\"article:modified_time\" content=\"2021-03-01T17:30:59+00:00\" \/>\n<meta name=\"twitter:card\" content=\"summary_large_image\" \/>\n<meta name=\"twitter:site\" content=\"@ADUeNORD\" \/>\n<meta name=\"twitter:label1\" content=\"Dur\u00e9e de lecture estim\u00e9e\" \/>\n\t<meta name=\"twitter:data1\" content=\"1 minute\" \/>\n<script type=\"application\/ld+json\" class=\"yoast-schema-graph\">{\"@context\":\"https:\\\/\\\/schema.org\",\"@graph\":[{\"@type\":\"WebPage\",\"@id\":\"https:\\\/\\\/adue-nord.de\\\/fr\\\/legal-notice\\\/\",\"url\":\"https:\\\/\\\/adue-nord.de\\\/fr\\\/legal-notice\\\/\",\"name\":\"Impressum\",\"isPartOf\":{\"@id\":\"https:\\\/\\\/adue-nord.de\\\/fr\\\/#website\"},\"datePublished\":\"2019-03-22T12:07:11+00:00\",\"dateModified\":\"2021-03-01T17:30:59+00:00\",\"breadcrumb\":{\"@id\":\"https:\\\/\\\/adue-nord.de\\\/fr\\\/legal-notice\\\/#breadcrumb\"},\"inLanguage\":\"fr-FR\",\"potentialAction\":[{\"@type\":\"ReadAction\",\"target\":[\"https:\\\/\\\/adue-nord.de\\\/fr\\\/legal-notice\\\/\"]}]},{\"@type\":\"BreadcrumbList\",\"@id\":\"https:\\\/\\\/adue-nord.de\\\/fr\\\/legal-notice\\\/#breadcrumb\",\"itemListElement\":[{\"@type\":\"ListItem\",\"position\":1,\"name\":\"Startseite\",\"item\":\"https:\\\/\\\/adue-nord.de\\\/\"},{\"@type\":\"ListItem\",\"position\":2,\"name\":\"Impressum\"}]},{\"@type\":\"WebSite\",\"@id\":\"https:\\\/\\\/adue-nord.de\\\/fr\\\/#website\",\"url\":\"https:\\\/\\\/adue-nord.de\\\/fr\\\/\",\"name\":\"AD\u00dc Nord e. V.\",\"description\":\"Verein Assoziierter Dolmetscher und \u00dcbersetzer in Norddeutschland\",\"publisher\":{\"@id\":\"https:\\\/\\\/adue-nord.de\\\/fr\\\/#organization\"},\"potentialAction\":[{\"@type\":\"SearchAction\",\"target\":{\"@type\":\"EntryPoint\",\"urlTemplate\":\"https:\\\/\\\/adue-nord.de\\\/fr\\\/?s={search_term_string}\"},\"query-input\":{\"@type\":\"PropertyValueSpecification\",\"valueRequired\":true,\"valueName\":\"search_term_string\"}}],\"inLanguage\":\"fr-FR\"},{\"@type\":\"Organization\",\"@id\":\"https:\\\/\\\/adue-nord.de\\\/fr\\\/#organization\",\"name\":\"AD\u00dc Nord e.V.\",\"url\":\"https:\\\/\\\/adue-nord.de\\\/fr\\\/\",\"logo\":{\"@type\":\"ImageObject\",\"inLanguage\":\"fr-FR\",\"@id\":\"https:\\\/\\\/adue-nord.de\\\/fr\\\/#\\\/schema\\\/logo\\\/image\\\/\",\"url\":\"https:\\\/\\\/adue-nord.de\\\/wp-content\\\/uploads\\\/logo-e1604331524791.png\",\"contentUrl\":\"https:\\\/\\\/adue-nord.de\\\/wp-content\\\/uploads\\\/logo-e1604331524791.png\",\"width\":720,\"height\":186,\"caption\":\"AD\u00dc Nord e.V.\"},\"image\":{\"@id\":\"https:\\\/\\\/adue-nord.de\\\/fr\\\/#\\\/schema\\\/logo\\\/image\\\/\"},\"sameAs\":[\"https:\\\/\\\/www.facebook.com\\\/ADUE.NORD\",\"https:\\\/\\\/x.com\\\/ADUeNORD\"]}]}<\/script>\n<!-- \/ Yoast SEO plugin. -->","yoast_head_json":{"title":"Impressum","robots":{"index":"index","follow":"follow","max-snippet":"max-snippet:-1","max-image-preview":"max-image-preview:large","max-video-preview":"max-video-preview:-1"},"canonical":"https:\/\/adue-nord.de\/fr\/legal-notice\/","og_locale":"fr_FR","og_type":"article","og_title":"[:de]Impressum[:en]Imprint[:] - AD\u00dc Nord e. V.","og_description":"AD\u00dc Nord e.V. Adresse In der Schwimmwestenfabrik,&nbsp; Buttstra\u00dfe 4,&nbsp; 22767 Hamburg Telefon 040 \/ 2191001 Telefax 040 \/ 2191003 E-Mail gs@adue-nord.de UStIDNr. DE228279995 Vereinsregister Amtsgericht Hamburg 69 VR &#8211; 5687 [&hellip;]","og_url":"https:\/\/adue-nord.de\/fr\/legal-notice\/","og_site_name":"AD\u00dc Nord e. V.","article_publisher":"https:\/\/www.facebook.com\/ADUE.NORD","article_modified_time":"2021-03-01T17:30:59+00:00","twitter_card":"summary_large_image","twitter_site":"@ADUeNORD","twitter_misc":{"Dur\u00e9e de lecture estim\u00e9e":"1 minute"},"schema":{"@context":"https:\/\/schema.org","@graph":[{"@type":"WebPage","@id":"https:\/\/adue-nord.de\/fr\/legal-notice\/","url":"https:\/\/adue-nord.de\/fr\/legal-notice\/","name":"Impressum","isPartOf":{"@id":"https:\/\/adue-nord.de\/fr\/#website"},"datePublished":"2019-03-22T12:07:11+00:00","dateModified":"2021-03-01T17:30:59+00:00","breadcrumb":{"@id":"https:\/\/adue-nord.de\/fr\/legal-notice\/#breadcrumb"},"inLanguage":"fr-FR","potentialAction":[{"@type":"ReadAction","target":["https:\/\/adue-nord.de\/fr\/legal-notice\/"]}]},{"@type":"BreadcrumbList","@id":"https:\/\/adue-nord.de\/fr\/legal-notice\/#breadcrumb","itemListElement":[{"@type":"ListItem","position":1,"name":"Startseite","item":"https:\/\/adue-nord.de\/"},{"@type":"ListItem","position":2,"name":"Impressum"}]},{"@type":"WebSite","@id":"https:\/\/adue-nord.de\/fr\/#website","url":"https:\/\/adue-nord.de\/fr\/","name":"AD\u00dc Nord e. V.","description":"Verein Assoziierter Dolmetscher und \u00dcbersetzer in Norddeutschland","publisher":{"@id":"https:\/\/adue-nord.de\/fr\/#organization"},"potentialAction":[{"@type":"SearchAction","target":{"@type":"EntryPoint","urlTemplate":"https:\/\/adue-nord.de\/fr\/?s={search_term_string}"},"query-input":{"@type":"PropertyValueSpecification","valueRequired":true,"valueName":"search_term_string"}}],"inLanguage":"fr-FR"},{"@type":"Organization","@id":"https:\/\/adue-nord.de\/fr\/#organization","name":"AD\u00dc Nord e.V.","url":"https:\/\/adue-nord.de\/fr\/","logo":{"@type":"ImageObject","inLanguage":"fr-FR","@id":"https:\/\/adue-nord.de\/fr\/#\/schema\/logo\/image\/","url":"https:\/\/adue-nord.de\/wp-content\/uploads\/logo-e1604331524791.png","contentUrl":"https:\/\/adue-nord.de\/wp-content\/uploads\/logo-e1604331524791.png","width":720,"height":186,"caption":"AD\u00dc Nord e.V."},"image":{"@id":"https:\/\/adue-nord.de\/fr\/#\/schema\/logo\/image\/"},"sameAs":["https:\/\/www.facebook.com\/ADUE.NORD","https:\/\/x.com\/ADUeNORD"]}]}},"_links":{"self":[{"href":"https:\/\/adue-nord.de\/fr\/wp-json\/wp\/v2\/pages\/133","targetHints":{"allow":["GET"]}}],"collection":[{"href":"https:\/\/adue-nord.de\/fr\/wp-json\/wp\/v2\/pages"}],"about":[{"href":"https:\/\/adue-nord.de\/fr\/wp-json\/wp\/v2\/types\/page"}],"author":[{"embeddable":true,"href":"https:\/\/adue-nord.de\/fr\/wp-json\/wp\/v2\/users\/1"}],"replies":[{"embeddable":true,"href":"https:\/\/adue-nord.de\/fr\/wp-json\/wp\/v2\/comments?post=133"}],"version-history":[{"count":0,"href":"https:\/\/adue-nord.de\/fr\/wp-json\/wp\/v2\/pages\/133\/revisions"}],"wp:attachment":[{"href":"https:\/\/adue-nord.de\/fr\/wp-json\/wp\/v2\/media?parent=133"}],"curies":[{"name":"wp","href":"https:\/\/api.w.org\/{rel}","templated":true}]}}