{"id":739,"date":"2019-06-04T15:41:57","date_gmt":"2019-06-04T13:41:57","guid":{"rendered":"https:\/\/adue-nord.de\/?page_id=739"},"modified":"2019-09-27T13:13:55","modified_gmt":"2019-09-27T11:13:55","slug":"ziele-und-aufgaben","status":"publish","type":"page","link":"https:\/\/adue-nord.de\/fr\/ziele-und-aufgaben\/","title":{"rendered":"Ziele und Aufgaben"},"content":{"rendered":"\n<h3 class=\"wp-block-heading\">Interessensvertretung<\/h3>\n\n\n\n<p>Das oberste Ziel des AD\u00dc Nord ist die <strong>Vertretung der  berufsst\u00e4ndischen Interessen seiner Mitglieder <\/strong>gegen\u00fcber Staat,  Wirtschaft und Gesellschaft. Davon profitieren auch alle anderen  Sprachmittlerinnen und Sprachmittler, die in Deutschland ans\u00e4ssig sind.<\/p>\n\n\n\n<p>Dolmetscher und Dolmetscherinnen, \u00dcbersetzer und \u00dcbersetzerinnen erm\u00f6glichen eine <strong>effektive Kommunikation<\/strong> zwischen Personen unterschiedlichster Herkunft und Nationalit\u00e4t \u2013 in Wirtschaft  und Politik, Gesundheitswesen und Kultur. So leisten sie einen wichtigen Beitrag zur <strong>V\u00f6lkerverst\u00e4ndigung <\/strong>in einer globalisierten Welt.<\/p>\n\n\n\n<p>F\u00fcr diese Leistung m\u00f6chte der AD\u00dc Nord in der \u00d6ffentlichkeit ein  <strong>Bewusstsein schaffen<\/strong> und \u00fcber die T\u00e4tigkeiten und das <strong>Berufsbild <\/strong>von Sprachmittlerinnen und Sprachmittlern zu informieren. So werden seit vielen Jahren <strong>Publikationen <\/strong>ver\u00f6ffentlicht und <strong>Veranstaltungen <\/strong>angeboten, und eine aktive <strong>\u00d6ffentlichkeitsarbeit <\/strong>tr\u00e4gt ebenfalls dazu bei, die Arbeit der AD\u00dc-Nord-Mitglieder bekannter zu machen.<\/p>\n\n\n\n<div style=\"height:20px\" aria-hidden=\"true\" class=\"wp-block-spacer\"><\/div>\n\n\n\n<h3 class=\"wp-block-heading\">Kontakte<\/h3>\n\n\n\n<p>Dar\u00fcber hinaus h\u00e4lt der AD\u00dc Nord st\u00e4ndigen Kontakt zu  Gesetzgebungsorganen, Beh\u00f6rden und Gerichten sowie zu anderen  Berufsverb\u00e4nden. Hierdurch soll eine <strong>Verbesserung der Arbeitsbedingungen<\/strong>  und <strong>Verdienstm\u00f6glichkeiten <\/strong>von Sprachmittlerinnen und Sprachmittlern erreicht werden, wie sie der Bedeutung ihrer Arbeitsleistung f\u00fcr das  Funktionieren des Gemeinwesens angemessen ist.<\/p>\n\n\n\n<div style=\"height:20px\" aria-hidden=\"true\" class=\"wp-block-spacer\"><\/div>\n\n\n\n<h3 class=\"wp-block-heading\">Netzwerk<\/h3>\n\n\n\n<p>Mitglieder des AD\u00dc Nord sind automatisch Teil eines leistungsstarken beruflichen Netzwerks. Dies erm\u00f6glicht interessante Kooperationen und   einen werthaltigen <strong>Austausch <\/strong>mit Berufskolleginnen und -kollegen.   Dar\u00fcber hinaus h\u00e4lt der Verband f\u00fcr seine Mitglieder einen wertvollen   und rege genutzten <strong>Beratungsservice <\/strong>bereit. Die Angebote umfassen dabei  die Bereiche <strong>Recht, Steuern und Informationstechnologie<\/strong>. Dazu kommen eine wirksame Werbung \u00fcber die Internetpr\u00e4senz und das   <strong>Mitgliederverzeichnis<\/strong>, umfangreiche <strong>Weiterbildungsm\u00f6glichkeiten <\/strong>und der eher informelle Austausch bei <strong>Kollegentreffen <\/strong>und in diversen   <strong>Sprachgruppen<\/strong>. <\/p>\n\n\n\n<div style=\"height:20px\" aria-hidden=\"true\" class=\"wp-block-spacer\"><\/div>\n\n\n\n<h3 class=\"wp-block-heading\">F\u00fcr Auftraggeber<\/h3>\n\n\n\n<p>\u00dcber das politische Engagement hinaus steht der AD\u00dc Nord auch denjenigen zur Verf\u00fcgung, die Dolmetsch- und  \u00dcbersetzungsleistungen  nachfragen und hierzu <strong>Beratungsbedarf <\/strong>haben oder auf der Suche nach einem geeigneten Anbieter solcher Leistungen sind. In der Online-Datenbank finden Auftraggeber Sprachmittler, die auf ihre Bed\u00fcrfnisse eingehen k\u00f6nnen, und in den Publikationen weitergehende Informationen zur Auftragsvergabe.<\/p>\n","protected":false},"excerpt":{"rendered":"<p>Interessensvertretung Das oberste Ziel des AD\u00dc Nord ist die Vertretung der berufsst\u00e4ndischen Interessen seiner Mitglieder gegen\u00fcber Staat, Wirtschaft und Gesellschaft. Davon profitieren auch alle anderen Sprachmittlerinnen und Sprachmittler, die in [&hellip;]<\/p>\n","protected":false},"author":1413,"featured_media":0,"parent":0,"menu_order":0,"comment_status":"closed","ping_status":"closed","template":"template-parts\/page-schmal.php","meta":{"_acf_changed":false,"_price":"","_stock":"","_tribe_ticket_header":"","_tribe_default_ticket_provider":"","_tribe_ticket_capacity":"0","_ticket_start_date":"","_ticket_end_date":"","_tribe_ticket_show_description":"","_tribe_ticket_show_not_going":false,"_tribe_ticket_use_global_stock":"","_tribe_ticket_global_stock_level":"","_global_stock_mode":"","_global_stock_cap":"","_tribe_rsvp_for_event":"","_tribe_ticket_going_count":"","_tribe_ticket_not_going_count":"","_tribe_tickets_list":"[]","_tribe_ticket_has_attendee_info_fields":false,"footnotes":""},"class_list":["post-739","page","type-page","status-publish","hentry"],"acf":[],"yoast_head":"<!-- This site is optimized with the Yoast SEO plugin v27.3 - https:\/\/yoast.com\/product\/yoast-seo-wordpress\/ -->\n<title>Ziele und Aufgaben<\/title>\n<meta name=\"robots\" content=\"index, follow, max-snippet:-1, max-image-preview:large, max-video-preview:-1\" \/>\n<link rel=\"canonical\" href=\"https:\/\/adue-nord.de\/fr\/ziele-und-aufgaben\/\" \/>\n<meta property=\"og:locale\" content=\"fr_FR\" \/>\n<meta property=\"og:locale:alternate\" content=\"de_DE\" \/>\n<meta property=\"og:locale:alternate\" content=\"en_US\" \/>\n<meta property=\"og:type\" content=\"article\" \/>\n<meta property=\"og:title\" content=\"Ziele und Aufgaben\" \/>\n<meta property=\"og:description\" content=\"Interessensvertretung Das oberste Ziel des AD\u00dc Nord ist die Vertretung der berufsst\u00e4ndischen Interessen seiner Mitglieder gegen\u00fcber Staat, Wirtschaft und Gesellschaft. Davon profitieren auch alle anderen Sprachmittlerinnen und Sprachmittler, die in [&hellip;]\" \/>\n<meta property=\"og:url\" content=\"https:\/\/adue-nord.de\/fr\/ziele-und-aufgaben\/\" \/>\n<meta property=\"og:site_name\" content=\"AD\u00dc Nord e.V.\" \/>\n<meta property=\"article:publisher\" content=\"https:\/\/www.facebook.com\/ADUE.NORD\" \/>\n<meta property=\"article:modified_time\" content=\"2019-09-27T11:13:55+00:00\" \/>\n<meta name=\"twitter:card\" content=\"summary_large_image\" \/>\n<meta name=\"twitter:site\" content=\"@ADUeNORD\" \/>\n<meta name=\"twitter:label1\" content=\"Dur\u00e9e de lecture estim\u00e9e\" \/>\n\t<meta name=\"twitter:data1\" content=\"3 minutes\" \/>\n<script type=\"application\/ld+json\" class=\"yoast-schema-graph\">{\"@context\":\"https:\\\/\\\/schema.org\",\"@graph\":[{\"@type\":\"WebPage\",\"@id\":\"https:\\\/\\\/adue-nord.de\\\/en\\\/ziele-und-aufgaben\\\/\",\"url\":\"https:\\\/\\\/adue-nord.de\\\/en\\\/ziele-und-aufgaben\\\/\",\"name\":\"Ziele und Aufgaben\",\"isPartOf\":{\"@id\":\"https:\\\/\\\/adue-nord.de\\\/fr\\\/#website\"},\"datePublished\":\"2019-06-04T13:41:57+00:00\",\"dateModified\":\"2019-09-27T11:13:55+00:00\",\"breadcrumb\":{\"@id\":\"https:\\\/\\\/adue-nord.de\\\/en\\\/ziele-und-aufgaben\\\/#breadcrumb\"},\"inLanguage\":\"fr-FR\",\"potentialAction\":[{\"@type\":\"ReadAction\",\"target\":[\"https:\\\/\\\/adue-nord.de\\\/en\\\/ziele-und-aufgaben\\\/\"]}]},{\"@type\":\"BreadcrumbList\",\"@id\":\"https:\\\/\\\/adue-nord.de\\\/en\\\/ziele-und-aufgaben\\\/#breadcrumb\",\"itemListElement\":[{\"@type\":\"ListItem\",\"position\":1,\"name\":\"Startseite\",\"item\":\"https:\\\/\\\/adue-nord.de\\\/\"},{\"@type\":\"ListItem\",\"position\":2,\"name\":\"Aims and tasks\"}]},{\"@type\":\"WebSite\",\"@id\":\"https:\\\/\\\/adue-nord.de\\\/fr\\\/#website\",\"url\":\"https:\\\/\\\/adue-nord.de\\\/fr\\\/\",\"name\":\"AD\u00dc Nord e.V.\",\"description\":\"Verein Assoziierter Dolmetscher und \u00dcbersetzer in Norddeutschland\",\"publisher\":{\"@id\":\"https:\\\/\\\/adue-nord.de\\\/fr\\\/#organization\"},\"potentialAction\":[{\"@type\":\"SearchAction\",\"target\":{\"@type\":\"EntryPoint\",\"urlTemplate\":\"https:\\\/\\\/adue-nord.de\\\/fr\\\/?s={search_term_string}\"},\"query-input\":{\"@type\":\"PropertyValueSpecification\",\"valueRequired\":true,\"valueName\":\"search_term_string\"}}],\"inLanguage\":\"fr-FR\"},{\"@type\":\"Organization\",\"@id\":\"https:\\\/\\\/adue-nord.de\\\/fr\\\/#organization\",\"name\":\"AD\u00dc Nord e.V.\",\"url\":\"https:\\\/\\\/adue-nord.de\\\/fr\\\/\",\"logo\":{\"@type\":\"ImageObject\",\"inLanguage\":\"fr-FR\",\"@id\":\"https:\\\/\\\/adue-nord.de\\\/fr\\\/#\\\/schema\\\/logo\\\/image\\\/\",\"url\":\"https:\\\/\\\/adue-nord.de\\\/wp-content\\\/uploads\\\/logo-e1604331524791.png\",\"contentUrl\":\"https:\\\/\\\/adue-nord.de\\\/wp-content\\\/uploads\\\/logo-e1604331524791.png\",\"width\":720,\"height\":186,\"caption\":\"AD\u00dc Nord e.V.\"},\"image\":{\"@id\":\"https:\\\/\\\/adue-nord.de\\\/fr\\\/#\\\/schema\\\/logo\\\/image\\\/\"},\"sameAs\":[\"https:\\\/\\\/www.facebook.com\\\/ADUE.NORD\",\"https:\\\/\\\/x.com\\\/ADUeNORD\"]}]}<\/script>\n<!-- \/ Yoast SEO plugin. -->","yoast_head_json":{"title":"Ziele und Aufgaben","robots":{"index":"index","follow":"follow","max-snippet":"max-snippet:-1","max-image-preview":"max-image-preview:large","max-video-preview":"max-video-preview:-1"},"canonical":"https:\/\/adue-nord.de\/fr\/ziele-und-aufgaben\/","og_locale":"fr_FR","og_type":"article","og_title":"[:de]Ziele und Aufgaben[:en]Aims and tasks[:] - AD\u00dc Nord e.V.","og_description":"Interessensvertretung Das oberste Ziel des AD\u00dc Nord ist die Vertretung der berufsst\u00e4ndischen Interessen seiner Mitglieder gegen\u00fcber Staat, Wirtschaft und Gesellschaft. Davon profitieren auch alle anderen Sprachmittlerinnen und Sprachmittler, die in [&hellip;]","og_url":"https:\/\/adue-nord.de\/fr\/ziele-und-aufgaben\/","og_site_name":"AD\u00dc Nord e.V.","article_publisher":"https:\/\/www.facebook.com\/ADUE.NORD","article_modified_time":"2019-09-27T11:13:55+00:00","twitter_card":"summary_large_image","twitter_site":"@ADUeNORD","twitter_misc":{"Dur\u00e9e de lecture estim\u00e9e":"3 minutes"},"schema":{"@context":"https:\/\/schema.org","@graph":[{"@type":"WebPage","@id":"https:\/\/adue-nord.de\/en\/ziele-und-aufgaben\/","url":"https:\/\/adue-nord.de\/en\/ziele-und-aufgaben\/","name":"Ziele und Aufgaben","isPartOf":{"@id":"https:\/\/adue-nord.de\/fr\/#website"},"datePublished":"2019-06-04T13:41:57+00:00","dateModified":"2019-09-27T11:13:55+00:00","breadcrumb":{"@id":"https:\/\/adue-nord.de\/en\/ziele-und-aufgaben\/#breadcrumb"},"inLanguage":"fr-FR","potentialAction":[{"@type":"ReadAction","target":["https:\/\/adue-nord.de\/en\/ziele-und-aufgaben\/"]}]},{"@type":"BreadcrumbList","@id":"https:\/\/adue-nord.de\/en\/ziele-und-aufgaben\/#breadcrumb","itemListElement":[{"@type":"ListItem","position":1,"name":"Startseite","item":"https:\/\/adue-nord.de\/"},{"@type":"ListItem","position":2,"name":"Aims and tasks"}]},{"@type":"WebSite","@id":"https:\/\/adue-nord.de\/fr\/#website","url":"https:\/\/adue-nord.de\/fr\/","name":"AD\u00dc Nord e.V.","description":"Verein Assoziierter Dolmetscher und \u00dcbersetzer in Norddeutschland","publisher":{"@id":"https:\/\/adue-nord.de\/fr\/#organization"},"potentialAction":[{"@type":"SearchAction","target":{"@type":"EntryPoint","urlTemplate":"https:\/\/adue-nord.de\/fr\/?s={search_term_string}"},"query-input":{"@type":"PropertyValueSpecification","valueRequired":true,"valueName":"search_term_string"}}],"inLanguage":"fr-FR"},{"@type":"Organization","@id":"https:\/\/adue-nord.de\/fr\/#organization","name":"AD\u00dc Nord e.V.","url":"https:\/\/adue-nord.de\/fr\/","logo":{"@type":"ImageObject","inLanguage":"fr-FR","@id":"https:\/\/adue-nord.de\/fr\/#\/schema\/logo\/image\/","url":"https:\/\/adue-nord.de\/wp-content\/uploads\/logo-e1604331524791.png","contentUrl":"https:\/\/adue-nord.de\/wp-content\/uploads\/logo-e1604331524791.png","width":720,"height":186,"caption":"AD\u00dc Nord e.V."},"image":{"@id":"https:\/\/adue-nord.de\/fr\/#\/schema\/logo\/image\/"},"sameAs":["https:\/\/www.facebook.com\/ADUE.NORD","https:\/\/x.com\/ADUeNORD"]}]}},"_links":{"self":[{"href":"https:\/\/adue-nord.de\/fr\/wp-json\/wp\/v2\/pages\/739","targetHints":{"allow":["GET"]}}],"collection":[{"href":"https:\/\/adue-nord.de\/fr\/wp-json\/wp\/v2\/pages"}],"about":[{"href":"https:\/\/adue-nord.de\/fr\/wp-json\/wp\/v2\/types\/page"}],"author":[{"embeddable":true,"href":"https:\/\/adue-nord.de\/fr\/wp-json\/wp\/v2\/users\/1413"}],"replies":[{"embeddable":true,"href":"https:\/\/adue-nord.de\/fr\/wp-json\/wp\/v2\/comments?post=739"}],"version-history":[{"count":0,"href":"https:\/\/adue-nord.de\/fr\/wp-json\/wp\/v2\/pages\/739\/revisions"}],"wp:attachment":[{"href":"https:\/\/adue-nord.de\/fr\/wp-json\/wp\/v2\/media?parent=739"}],"curies":[{"name":"wp","href":"https:\/\/api.w.org\/{rel}","templated":true}]}}